{"id":3051,"date":"2023-05-05T13:45:14","date_gmt":"2023-05-05T13:45:14","guid":{"rendered":"https:\/\/www.macnovel.org.uk\/?page_id=3051"},"modified":"2023-05-07T21:22:11","modified_gmt":"2023-05-07T21:22:11","slug":"photo-portfolio","status":"publish","type":"page","link":"https:\/\/www.macnovel.org.uk\/?page_id=3051","title":{"rendered":"Photo Portfolio"},"content":{"rendered":"\n<p><\/p>\n\n\n\n<p>Bavaria and the Black Forest<\/p>\n\n\n\n<p>Kraftpaule, Stuttgart<\/p>\n\n\n\n<figure class=\"wp-block-image size-full is-resized\"><img loading=\"lazy\" decoding=\"async\" src=\"https:\/\/www.macnovel.org.uk\/wp-content\/uploads\/2023\/05\/Kraftpaule-Stuttgart-Oct-2022.jpg\" alt=\"\" class=\"wp-image-3062\" width=\"674\" height=\"496\" srcset=\"https:\/\/www.macnovel.org.uk\/wp-content\/uploads\/2023\/05\/Kraftpaule-Stuttgart-Oct-2022.jpg 1000w, https:\/\/www.macnovel.org.uk\/wp-content\/uploads\/2023\/05\/Kraftpaule-Stuttgart-Oct-2022-300x221.jpg 300w, https:\/\/www.macnovel.org.uk\/wp-content\/uploads\/2023\/05\/Kraftpaule-Stuttgart-Oct-2022-768x565.jpg 768w\" sizes=\"auto, (max-width: 674px) 100vw, 674px\" \/><\/figure>\n\n\n\n<p>Rothaus Brewery<\/p>\n\n\n\n<figure class=\"wp-block-image size-full\"><img loading=\"lazy\" decoding=\"async\" width=\"1000\" height=\"667\" src=\"https:\/\/www.macnovel.org.uk\/wp-content\/uploads\/2023\/05\/Rothaus-Fermenters-Oct-2022.jpg\" alt=\"\" class=\"wp-image-3063\" srcset=\"https:\/\/www.macnovel.org.uk\/wp-content\/uploads\/2023\/05\/Rothaus-Fermenters-Oct-2022.jpg 1000w, https:\/\/www.macnovel.org.uk\/wp-content\/uploads\/2023\/05\/Rothaus-Fermenters-Oct-2022-300x200.jpg 300w, https:\/\/www.macnovel.org.uk\/wp-content\/uploads\/2023\/05\/Rothaus-Fermenters-Oct-2022-768x512.jpg 768w\" sizes=\"auto, (max-width: 767px) 89vw, (max-width: 1000px) 54vw, (max-width: 1071px) 543px, 580px\" \/><\/figure>\n\n\n\n<p>Black Forest<\/p>\n\n\n\n<figure class=\"wp-block-image size-full\"><img loading=\"lazy\" decoding=\"async\" width=\"1000\" height=\"667\" src=\"https:\/\/www.macnovel.org.uk\/wp-content\/uploads\/2023\/05\/Black-Forest-Oct-2022.jpg\" alt=\"\" class=\"wp-image-3064\" srcset=\"https:\/\/www.macnovel.org.uk\/wp-content\/uploads\/2023\/05\/Black-Forest-Oct-2022.jpg 1000w, https:\/\/www.macnovel.org.uk\/wp-content\/uploads\/2023\/05\/Black-Forest-Oct-2022-300x200.jpg 300w, https:\/\/www.macnovel.org.uk\/wp-content\/uploads\/2023\/05\/Black-Forest-Oct-2022-768x512.jpg 768w\" sizes=\"auto, (max-width: 767px) 89vw, (max-width: 1000px) 54vw, (max-width: 1071px) 543px, 580px\" \/><\/figure>\n\n\n\n<p>Hofbr\u00e4uhaus im Englischen Garten<\/p>\n\n\n\n<figure class=\"wp-block-image size-full\"><img loading=\"lazy\" decoding=\"async\" width=\"1000\" height=\"667\" src=\"https:\/\/www.macnovel.org.uk\/wp-content\/uploads\/2023\/05\/Hofbrau-Umbrella-Oct-2022.jpg\" alt=\"\" class=\"wp-image-3065\" srcset=\"https:\/\/www.macnovel.org.uk\/wp-content\/uploads\/2023\/05\/Hofbrau-Umbrella-Oct-2022.jpg 1000w, https:\/\/www.macnovel.org.uk\/wp-content\/uploads\/2023\/05\/Hofbrau-Umbrella-Oct-2022-300x200.jpg 300w, https:\/\/www.macnovel.org.uk\/wp-content\/uploads\/2023\/05\/Hofbrau-Umbrella-Oct-2022-768x512.jpg 768w\" sizes=\"auto, (max-width: 767px) 89vw, (max-width: 1000px) 54vw, (max-width: 1071px) 543px, 580px\" \/><\/figure>\n\n\n\n<p class=\"has-medium-font-size\">Prague\/Pilsen<\/p>\n\n\n\n<p>Brevnov Monestary Brewery<\/p>\n\n\n\n<figure class=\"wp-block-image size-full\"><img loading=\"lazy\" decoding=\"async\" width=\"750\" height=\"750\" src=\"https:\/\/www.macnovel.org.uk\/wp-content\/uploads\/2023\/05\/Brevnov-Brewery-Platter-Nov-22.jpg\" alt=\"\" class=\"wp-image-3055\" srcset=\"https:\/\/www.macnovel.org.uk\/wp-content\/uploads\/2023\/05\/Brevnov-Brewery-Platter-Nov-22.jpg 750w, https:\/\/www.macnovel.org.uk\/wp-content\/uploads\/2023\/05\/Brevnov-Brewery-Platter-Nov-22-300x300.jpg 300w, https:\/\/www.macnovel.org.uk\/wp-content\/uploads\/2023\/05\/Brevnov-Brewery-Platter-Nov-22-150x150.jpg 150w, https:\/\/www.macnovel.org.uk\/wp-content\/uploads\/2023\/05\/Brevnov-Brewery-Platter-Nov-22-100x100.jpg 100w\" sizes=\"auto, (max-width: 706px) 89vw, (max-width: 767px) 82vw, 740px\" \/><\/figure>\n\n\n\n<p>Pivovarsk\u00e1-Nal\u00e9v\u00e1rna-v-Soukenick\u00e9<\/p>\n\n\n\n<figure class=\"wp-block-image size-large\"><img loading=\"lazy\" decoding=\"async\" width=\"683\" height=\"1024\" src=\"https:\/\/www.macnovel.org.uk\/wp-content\/uploads\/2023\/05\/Pivovarska-Nalevarna-v-Soukenicke-Beer-Oct-22-683x1024.jpg\" alt=\"\" class=\"wp-image-3056\" srcset=\"https:\/\/www.macnovel.org.uk\/wp-content\/uploads\/2023\/05\/Pivovarska-Nalevarna-v-Soukenicke-Beer-Oct-22-683x1024.jpg 683w, https:\/\/www.macnovel.org.uk\/wp-content\/uploads\/2023\/05\/Pivovarska-Nalevarna-v-Soukenicke-Beer-Oct-22-200x300.jpg 200w, https:\/\/www.macnovel.org.uk\/wp-content\/uploads\/2023\/05\/Pivovarska-Nalevarna-v-Soukenicke-Beer-Oct-22.jpg 750w\" sizes=\"auto, (max-width: 683px) 100vw, 683px\" \/><\/figure>\n\n\n\n<figure class=\"wp-block-image size-full\"><img loading=\"lazy\" decoding=\"async\" width=\"750\" height=\"949\" src=\"https:\/\/www.macnovel.org.uk\/wp-content\/uploads\/2023\/05\/Pivovarska-Nalevarna-v-Soukenicke-Side-Tap-Oct-22.jpg\" alt=\"\" class=\"wp-image-3057\" srcset=\"https:\/\/www.macnovel.org.uk\/wp-content\/uploads\/2023\/05\/Pivovarska-Nalevarna-v-Soukenicke-Side-Tap-Oct-22.jpg 750w, https:\/\/www.macnovel.org.uk\/wp-content\/uploads\/2023\/05\/Pivovarska-Nalevarna-v-Soukenicke-Side-Tap-Oct-22-237x300.jpg 237w\" sizes=\"auto, (max-width: 706px) 89vw, (max-width: 767px) 82vw, 740px\" \/><\/figure>\n\n\n\n<p>Strahov Monestary Brewery<\/p>\n\n\n\n<figure class=\"wp-block-image size-large\"><img loading=\"lazy\" decoding=\"async\" width=\"694\" height=\"1024\" src=\"https:\/\/www.macnovel.org.uk\/wp-content\/uploads\/2023\/05\/Strahov-Brewery-Prague-Copper-Oct-22-694x1024.jpg\" alt=\"\" class=\"wp-image-3061\" srcset=\"https:\/\/www.macnovel.org.uk\/wp-content\/uploads\/2023\/05\/Strahov-Brewery-Prague-Copper-Oct-22-694x1024.jpg 694w, https:\/\/www.macnovel.org.uk\/wp-content\/uploads\/2023\/05\/Strahov-Brewery-Prague-Copper-Oct-22-203x300.jpg 203w, https:\/\/www.macnovel.org.uk\/wp-content\/uploads\/2023\/05\/Strahov-Brewery-Prague-Copper-Oct-22.jpg 750w\" sizes=\"auto, (max-width: 694px) 100vw, 694px\" \/><\/figure>\n\n\n\n<p>Pilsner Urquell Cellars, Pilsen<\/p>\n\n\n\n<figure class=\"wp-block-image size-large\"><img loading=\"lazy\" decoding=\"async\" width=\"683\" height=\"1024\" src=\"https:\/\/www.macnovel.org.uk\/wp-content\/uploads\/2023\/05\/Pilsner-Urquell-Cellars-Oct-22-683x1024.jpg\" alt=\"\" class=\"wp-image-3070\" srcset=\"https:\/\/www.macnovel.org.uk\/wp-content\/uploads\/2023\/05\/Pilsner-Urquell-Cellars-Oct-22-683x1024.jpg 683w, https:\/\/www.macnovel.org.uk\/wp-content\/uploads\/2023\/05\/Pilsner-Urquell-Cellars-Oct-22-200x300.jpg 200w, https:\/\/www.macnovel.org.uk\/wp-content\/uploads\/2023\/05\/Pilsner-Urquell-Cellars-Oct-22.jpg 750w\" sizes=\"auto, (max-width: 683px) 100vw, 683px\" \/><\/figure>\n\n\n\n<p class=\"has-medium-font-size\">USA<\/p>\n\n\n\n<p class=\"has-black-color has-text-color\">Wiseacre Brewing, Memphis Tennessee<\/p>\n\n\n\n<figure class=\"wp-block-image size-full\"><img loading=\"lazy\" decoding=\"async\" width=\"1000\" height=\"518\" src=\"https:\/\/www.macnovel.org.uk\/wp-content\/uploads\/2023\/05\/Wiseacre-Bar-Mar-2023.jpg\" alt=\"\" class=\"wp-image-3052\" srcset=\"https:\/\/www.macnovel.org.uk\/wp-content\/uploads\/2023\/05\/Wiseacre-Bar-Mar-2023.jpg 1000w, https:\/\/www.macnovel.org.uk\/wp-content\/uploads\/2023\/05\/Wiseacre-Bar-Mar-2023-300x155.jpg 300w, https:\/\/www.macnovel.org.uk\/wp-content\/uploads\/2023\/05\/Wiseacre-Bar-Mar-2023-768x398.jpg 768w\" sizes=\"auto, (max-width: 767px) 89vw, (max-width: 1000px) 54vw, (max-width: 1071px) 543px, 580px\" \/><\/figure>\n\n\n\n<p>Off Color Brewing, Chicago, Illinois<\/p>\n\n\n\n<figure class=\"wp-block-image size-full\"><img loading=\"lazy\" decoding=\"async\" width=\"1000\" height=\"667\" src=\"https:\/\/www.macnovel.org.uk\/wp-content\/uploads\/2023\/05\/Off-Color-Brewing-John-Laffler-Apr-2023.jpg\" alt=\"\" class=\"wp-image-3058\" srcset=\"https:\/\/www.macnovel.org.uk\/wp-content\/uploads\/2023\/05\/Off-Color-Brewing-John-Laffler-Apr-2023.jpg 1000w, https:\/\/www.macnovel.org.uk\/wp-content\/uploads\/2023\/05\/Off-Color-Brewing-John-Laffler-Apr-2023-300x200.jpg 300w, https:\/\/www.macnovel.org.uk\/wp-content\/uploads\/2023\/05\/Off-Color-Brewing-John-Laffler-Apr-2023-768x512.jpg 768w\" sizes=\"auto, (max-width: 767px) 89vw, (max-width: 1000px) 54vw, (max-width: 1071px) 543px, 580px\" \/><\/figure>\n\n\n\n<figure class=\"wp-block-image size-large\"><img loading=\"lazy\" decoding=\"async\" width=\"677\" height=\"1024\" src=\"https:\/\/www.macnovel.org.uk\/wp-content\/uploads\/2023\/05\/Off-Color-Brewing-Glass-Apr-2023-677x1024.jpg\" alt=\"\" class=\"wp-image-3059\" srcset=\"https:\/\/www.macnovel.org.uk\/wp-content\/uploads\/2023\/05\/Off-Color-Brewing-Glass-Apr-2023-677x1024.jpg 677w, https:\/\/www.macnovel.org.uk\/wp-content\/uploads\/2023\/05\/Off-Color-Brewing-Glass-Apr-2023-198x300.jpg 198w, https:\/\/www.macnovel.org.uk\/wp-content\/uploads\/2023\/05\/Off-Color-Brewing-Glass-Apr-2023.jpg 750w\" sizes=\"auto, (max-width: 677px) 100vw, 677px\" \/><\/figure>\n\n\n\n<figure class=\"wp-block-image size-large\"><img loading=\"lazy\" decoding=\"async\" width=\"920\" height=\"1024\" src=\"https:\/\/www.macnovel.org.uk\/wp-content\/uploads\/2023\/05\/Off-Color-Brewing-Fridge-Door-Apr-2023-920x1024.jpg\" alt=\"\" class=\"wp-image-3060\" srcset=\"https:\/\/www.macnovel.org.uk\/wp-content\/uploads\/2023\/05\/Off-Color-Brewing-Fridge-Door-Apr-2023-920x1024.jpg 920w, https:\/\/www.macnovel.org.uk\/wp-content\/uploads\/2023\/05\/Off-Color-Brewing-Fridge-Door-Apr-2023-270x300.jpg 270w, https:\/\/www.macnovel.org.uk\/wp-content\/uploads\/2023\/05\/Off-Color-Brewing-Fridge-Door-Apr-2023-768x855.jpg 768w, https:\/\/www.macnovel.org.uk\/wp-content\/uploads\/2023\/05\/Off-Color-Brewing-Fridge-Door-Apr-2023.jpg 1000w\" sizes=\"auto, (max-width: 767px) 89vw, (max-width: 1000px) 54vw, (max-width: 1071px) 543px, 580px\" \/><\/figure>\n\n\n\n<figure class=\"wp-block-image size-large\"><img loading=\"lazy\" decoding=\"async\" width=\"683\" height=\"1024\" src=\"https:\/\/www.macnovel.org.uk\/wp-content\/uploads\/2023\/05\/Off-Color-Brewery-Water-Tower-Apr-2023-683x1024.jpg\" alt=\"\" class=\"wp-image-3053\" srcset=\"https:\/\/www.macnovel.org.uk\/wp-content\/uploads\/2023\/05\/Off-Color-Brewery-Water-Tower-Apr-2023-683x1024.jpg 683w, https:\/\/www.macnovel.org.uk\/wp-content\/uploads\/2023\/05\/Off-Color-Brewery-Water-Tower-Apr-2023-200x300.jpg 200w, https:\/\/www.macnovel.org.uk\/wp-content\/uploads\/2023\/05\/Off-Color-Brewery-Water-Tower-Apr-2023-768x1152.jpg 768w, https:\/\/www.macnovel.org.uk\/wp-content\/uploads\/2023\/05\/Off-Color-Brewery-Water-Tower-Apr-2023.jpg 800w\" sizes=\"auto, (max-width: 683px) 100vw, 683px\" \/><\/figure>\n\n\n\n<p class=\"has-medium-font-size\">UK<\/p>\n\n\n\n<p>Craven Arms, Birmingham<\/p>\n\n\n\n<figure class=\"wp-block-image size-large\"><img loading=\"lazy\" decoding=\"async\" width=\"772\" height=\"1024\" src=\"https:\/\/www.macnovel.org.uk\/wp-content\/uploads\/2023\/05\/Craven-Arms-Birmingham-Pie-Nov-2013-772x1024.jpg\" alt=\"\" class=\"wp-image-3066\" srcset=\"https:\/\/www.macnovel.org.uk\/wp-content\/uploads\/2023\/05\/Craven-Arms-Birmingham-Pie-Nov-2013-772x1024.jpg 772w, https:\/\/www.macnovel.org.uk\/wp-content\/uploads\/2023\/05\/Craven-Arms-Birmingham-Pie-Nov-2013-226x300.jpg 226w, https:\/\/www.macnovel.org.uk\/wp-content\/uploads\/2023\/05\/Craven-Arms-Birmingham-Pie-Nov-2013-768x1018.jpg 768w, https:\/\/www.macnovel.org.uk\/wp-content\/uploads\/2023\/05\/Craven-Arms-Birmingham-Pie-Nov-2013.jpg 1000w\" sizes=\"auto, (max-width: 767px) 89vw, (max-width: 1000px) 54vw, (max-width: 1071px) 543px, 580px\" \/><\/figure>\n\n\n\n<p>Chilterns Country Pubs<\/p>\n\n\n\n<figure class=\"wp-block-image size-full\"><img loading=\"lazy\" decoding=\"async\" width=\"1000\" height=\"639\" src=\"https:\/\/www.macnovel.org.uk\/wp-content\/uploads\/2023\/05\/Harrow-Hughenden-Valley-May-2022.jpg\" alt=\"\" class=\"wp-image-3067\" srcset=\"https:\/\/www.macnovel.org.uk\/wp-content\/uploads\/2023\/05\/Harrow-Hughenden-Valley-May-2022.jpg 1000w, https:\/\/www.macnovel.org.uk\/wp-content\/uploads\/2023\/05\/Harrow-Hughenden-Valley-May-2022-300x192.jpg 300w, https:\/\/www.macnovel.org.uk\/wp-content\/uploads\/2023\/05\/Harrow-Hughenden-Valley-May-2022-768x491.jpg 768w\" sizes=\"auto, (max-width: 767px) 89vw, (max-width: 1000px) 54vw, (max-width: 1071px) 543px, 580px\" \/><\/figure>\n\n\n\n<figure class=\"wp-block-image size-full\"><img loading=\"lazy\" decoding=\"async\" width=\"1000\" height=\"789\" src=\"https:\/\/www.macnovel.org.uk\/wp-content\/uploads\/2023\/05\/Red-Lion-Whiteleaf-May-2022.jpg\" alt=\"\" class=\"wp-image-3068\" srcset=\"https:\/\/www.macnovel.org.uk\/wp-content\/uploads\/2023\/05\/Red-Lion-Whiteleaf-May-2022.jpg 1000w, https:\/\/www.macnovel.org.uk\/wp-content\/uploads\/2023\/05\/Red-Lion-Whiteleaf-May-2022-300x237.jpg 300w, https:\/\/www.macnovel.org.uk\/wp-content\/uploads\/2023\/05\/Red-Lion-Whiteleaf-May-2022-768x606.jpg 768w\" sizes=\"auto, (max-width: 767px) 89vw, (max-width: 1000px) 54vw, (max-width: 1071px) 543px, 580px\" \/><\/figure>\n","protected":false},"excerpt":{"rendered":"<p>Bavaria and the Black Forest Kraftpaule, Stuttgart Rothaus Brewery Black Forest Hofbr\u00e4uhaus im Englischen Garten Prague\/Pilsen Brevnov Monestary Brewery Pivovarsk\u00e1-Nal\u00e9v\u00e1rna-v-Soukenick\u00e9 Strahov Monestary Brewery Pilsner Urquell Cellars, Pilsen USA Wiseacre Brewing, Memphis Tennessee Off Color Brewing, Chicago, Illinois UK Craven Arms, Birmingham Chilterns Country Pubs<\/p>\n","protected":false},"author":1,"featured_media":0,"parent":0,"menu_order":0,"comment_status":"closed","ping_status":"closed","template":"","meta":{"footnotes":""},"class_list":["post-3051","page","type-page","status-publish","hentry"],"jetpack_sharing_enabled":true,"_links":{"self":[{"href":"https:\/\/www.macnovel.org.uk\/index.php?rest_route=\/wp\/v2\/pages\/3051","targetHints":{"allow":["GET"]}}],"collection":[{"href":"https:\/\/www.macnovel.org.uk\/index.php?rest_route=\/wp\/v2\/pages"}],"about":[{"href":"https:\/\/www.macnovel.org.uk\/index.php?rest_route=\/wp\/v2\/types\/page"}],"author":[{"embeddable":true,"href":"https:\/\/www.macnovel.org.uk\/index.php?rest_route=\/wp\/v2\/users\/1"}],"replies":[{"embeddable":true,"href":"https:\/\/www.macnovel.org.uk\/index.php?rest_route=%2Fwp%2Fv2%2Fcomments&post=3051"}],"version-history":[{"count":3,"href":"https:\/\/www.macnovel.org.uk\/index.php?rest_route=\/wp\/v2\/pages\/3051\/revisions"}],"predecessor-version":[{"id":3071,"href":"https:\/\/www.macnovel.org.uk\/index.php?rest_route=\/wp\/v2\/pages\/3051\/revisions\/3071"}],"wp:attachment":[{"href":"https:\/\/www.macnovel.org.uk\/index.php?rest_route=%2Fwp%2Fv2%2Fmedia&parent=3051"}],"curies":[{"name":"wp","href":"https:\/\/api.w.org\/{rel}","templated":true}]}}